{"id":6588,"date":"2025-09-03T13:21:12","date_gmt":"2025-09-03T11:21:12","guid":{"rendered":"http:\/\/www.vmcoaching.be\/?page_id=6588"},"modified":"2026-02-02T14:08:46","modified_gmt":"2026-02-02T13:08:46","slug":"infos-event","status":"publish","type":"page","link":"https:\/\/www.vmcoaching.be\/index.php\/infos-event\/","title":{"rendered":"Infos Event"},"content":{"rendered":"<p><img loading=\"lazy\" decoding=\"async\" class=\"wp-image-6605 aligncenter\" src=\"http:\/\/www.vmcoaching.be\/wp-content\/uploads\/2025\/09\/IMG_5787.jpg\" alt=\"\" width=\"265\" height=\"265\" srcset=\"https:\/\/www.vmcoaching.be\/wp-content\/uploads\/2025\/09\/IMG_5787.jpg 1024w, https:\/\/www.vmcoaching.be\/wp-content\/uploads\/2025\/09\/IMG_5787-300x300.jpg 300w, https:\/\/www.vmcoaching.be\/wp-content\/uploads\/2025\/09\/IMG_5787-150x150.jpg 150w, https:\/\/www.vmcoaching.be\/wp-content\/uploads\/2025\/09\/IMG_5787-768x768.jpg 768w, https:\/\/www.vmcoaching.be\/wp-content\/uploads\/2025\/09\/IMG_5787-320x320.jpg 320w, https:\/\/www.vmcoaching.be\/wp-content\/uploads\/2025\/09\/IMG_5787-480x480.jpg 480w, https:\/\/www.vmcoaching.be\/wp-content\/uploads\/2025\/09\/IMG_5787-800x800.jpg 800w\" sizes=\"(max-width: 265px) 100vw, 265px\" \/><\/p>\n<p style=\"text-align: center;\"><strong>We are happy to announce the First competiton of HydroX.<\/strong><\/p>\n<p>&nbsp;<\/p>\n<p style=\"text-align: center;\"><strong>The Place :<\/strong> <strong>Piscine Nausicaa, <\/strong>rue Th\u00e9ophile Delbar 33, 1410 Waterloo, Belgium.<\/p>\n<p>&nbsp;<\/p>\n<p style=\"text-align: center;\"><strong>The Date :<\/strong> 15\/02\/2026. (10h-18h).<\/p>\n<p>&nbsp;<\/p>\n<hr \/>\n<p style=\"text-align: center;\"><span style=\"text-decoration: underline;\"><strong>Schedule :<\/strong><\/span><\/p>\n<p style=\"text-align: center;\"><span style=\"text-decoration: underline;\"><strong>Vague 1 (F\/F) :<\/strong><\/span><\/p>\n<p style=\"text-align: center;\">Accueil et enregistrement : 9h30 \u00e0 10h.<\/p>\n<p style=\"text-align: center;\">Briefing : 10h.<\/p>\n<p style=\"text-align: center;\">\u00a0Course : 10h30-11h45.<\/p>\n<p style=\"text-align: center;\">Podium : 12h.<\/p>\n<p style=\"text-align: center;\"><strong>Teams :<\/strong><\/p>\n<p style=\"text-align: center;\">Sharon + Clara, Ines + Sophie, Carole + Valentine, Lucile + Lisa, Laurie + Emeline, St\u00e9phanie + Kristy , Aurore + Morgane, Claire + Cl\u00e9mentine, Zo\u00e9 + Tiffany, B\u00e9rang\u00e8re + No\u00e9mie.<\/p>\n<p>&nbsp;<\/p>\n<p style=\"text-align: center;\"><span style=\"text-decoration: underline;\"><strong>Vague 2<\/strong><\/span><\/p>\n<p style=\"text-align: center;\">Accueil et enregistrement : 11h \u00e0 11h30.<\/p>\n<p style=\"text-align: center;\">Briefing : 11h45.<\/p>\n<p style=\"text-align: center;\">\u00a0Course : 12h30-13h45.<\/p>\n<p style=\"text-align: center;\">Podium : 16h.<\/p>\n<p style=\"text-align: center;\"><strong>Teams :\u00a0<\/strong><\/p>\n<p style=\"text-align: center;\">Lucie + Germain, M\u00e9lodie + Gaetan, Justine + Meher, Coralie + Louis, Martin + Marie-am\u00e9lie, Kathleen + Nicolas, Sarah + Maxime, Daho + Marine, Manuel + Elise, Dominique + Jesca.<\/p>\n<p>&nbsp;<\/p>\n<p style=\"text-align: center;\"><span style=\"text-decoration: underline;\"><strong>Vague 3<\/strong><\/span><\/p>\n<p style=\"text-align: center;\">Accueil et enregistrement : 13h \u00e0 13h30.<\/p>\n<p style=\"text-align: center;\">Briefing : 14h.<\/p>\n<p style=\"text-align: center;\">\u00a0Course : 14h30-15h45.<\/p>\n<p style=\"text-align: center;\">Podium : 16h.<\/p>\n<p style=\"text-align: center;\"><strong>Teams :<\/strong><\/p>\n<p style=\"text-align: center;\">Alain-Pierre + Sophie, St\u00e9phane + Barbara, Mathieu + Am\u00e9lie, Macram + Antoine, Nicolas + Zo\u00e9, S\u00e9bastien + Lou, Thomas + Sophie, Bastien + Tom, Nathan + Myron, Gatien + Sarah.<\/p>\n<p>&nbsp;<\/p>\n<p style=\"text-align: center;\"><span style=\"text-decoration: underline;\"><strong>Vague 4<\/strong><\/span><\/p>\n<p style=\"text-align: center;\">Accueil et enregistrement : 15h \u00e0 15h30.<\/p>\n<p style=\"text-align: center;\">Briefing : 15h45.<\/p>\n<p style=\"text-align: center;\">\u00a0Course : 16h30-17h45.<\/p>\n<p style=\"text-align: center;\">Podium : 18h.<\/p>\n<p style=\"text-align: center;\"><strong>Teams :<\/strong><\/p>\n<p style=\"text-align: center;\">David + Pierre, Faysal + Michel, J\u00e9r\u00e9mie + Jon, Francois D. + Florian, Romain + Thierry, Romain + Lionel, Francois N. + Kevin, Nicolas + Robin, Alexis + Quentin, Benjamin + Gilles.<\/p>\n<p>&nbsp;<\/p>\n<hr \/>\n<p style=\"text-align: center;\"><span style=\"background-color: #ff0000;\"><strong>Sorry but the inscriptions are Done, we are full, thanks to you.<\/strong><\/span><\/p>\n<p style=\"text-align: center;\"><strong>Inscription :<\/strong><\/p>\n<ol style=\"text-align: center;\">\n<li>make the Google form : <img loading=\"lazy\" decoding=\"async\" class=\"wp-image-6669 aligncenter\" src=\"http:\/\/www.vmcoaching.be\/wp-content\/uploads\/2025\/11\/icone-de-document-feuille-papier-avec-le-texte-element-conception-moderne-d-ensemble-signe-plat-noir-simple-vecteur-arrondi-110011578.webp\" alt=\"\" width=\"158\" height=\"158\" srcset=\"https:\/\/www.vmcoaching.be\/wp-content\/uploads\/2025\/11\/icone-de-document-feuille-papier-avec-le-texte-element-conception-moderne-d-ensemble-signe-plat-noir-simple-vecteur-arrondi-110011578.webp 800w, https:\/\/www.vmcoaching.be\/wp-content\/uploads\/2025\/11\/icone-de-document-feuille-papier-avec-le-texte-element-conception-moderne-d-ensemble-signe-plat-noir-simple-vecteur-arrondi-110011578-300x300.webp 300w, https:\/\/www.vmcoaching.be\/wp-content\/uploads\/2025\/11\/icone-de-document-feuille-papier-avec-le-texte-element-conception-moderne-d-ensemble-signe-plat-noir-simple-vecteur-arrondi-110011578-150x150.webp 150w, https:\/\/www.vmcoaching.be\/wp-content\/uploads\/2025\/11\/icone-de-document-feuille-papier-avec-le-texte-element-conception-moderne-d-ensemble-signe-plat-noir-simple-vecteur-arrondi-110011578-768x768.webp 768w, https:\/\/www.vmcoaching.be\/wp-content\/uploads\/2025\/11\/icone-de-document-feuille-papier-avec-le-texte-element-conception-moderne-d-ensemble-signe-plat-noir-simple-vecteur-arrondi-110011578-320x320.webp 320w, https:\/\/www.vmcoaching.be\/wp-content\/uploads\/2025\/11\/icone-de-document-feuille-papier-avec-le-texte-element-conception-moderne-d-ensemble-signe-plat-noir-simple-vecteur-arrondi-110011578-480x480.webp 480w\" sizes=\"(max-width: 158px) 100vw, 158px\" \/><\/li>\n<li>pay the fee on the account (IBAN : BE22731057256647), communication : \"Hydrox + both names\".<\/li>\n<li>we send you a confirmation e-mail.<\/li>\n<\/ol>\n<p>&nbsp;<\/p>\n<p style=\"text-align: center;\"><strong>Price :<\/strong> 100\u20ac for a team of two.<\/p>\n<p>&nbsp;<\/p>\n<p style=\"text-align: center;\">More information :<a href=\"mailto:infos@hydroxsport.be\"> infos@hydroxsport.be<\/a><\/p>\n<p>&nbsp;<\/p>\n<p style=\"text-align: center;\"><strong>please check the Instagram page\u00a0<\/strong><\/p>\n<p>&nbsp;<\/p>\n","protected":false},"excerpt":{"rendered":"<p>We are happy to announce the First competiton of HydroX. &nbsp; The Place : Piscine Nausicaa, rue Th\u00e9ophile Delbar 33, 1410 Waterloo, Belgium. &nbsp; The Date : 15\/02\/2026. (10h-18h). &nbsp;<\/p>\n","protected":false},"author":1,"featured_media":0,"parent":0,"menu_order":0,"comment_status":"closed","ping_status":"closed","template":"","meta":{"footnotes":""},"_links":{"self":[{"href":"https:\/\/www.vmcoaching.be\/index.php\/wp-json\/wp\/v2\/pages\/6588"}],"collection":[{"href":"https:\/\/www.vmcoaching.be\/index.php\/wp-json\/wp\/v2\/pages"}],"about":[{"href":"https:\/\/www.vmcoaching.be\/index.php\/wp-json\/wp\/v2\/types\/page"}],"author":[{"embeddable":true,"href":"https:\/\/www.vmcoaching.be\/index.php\/wp-json\/wp\/v2\/users\/1"}],"replies":[{"embeddable":true,"href":"https:\/\/www.vmcoaching.be\/index.php\/wp-json\/wp\/v2\/comments?post=6588"}],"version-history":[{"count":24,"href":"https:\/\/www.vmcoaching.be\/index.php\/wp-json\/wp\/v2\/pages\/6588\/revisions"}],"predecessor-version":[{"id":6782,"href":"https:\/\/www.vmcoaching.be\/index.php\/wp-json\/wp\/v2\/pages\/6588\/revisions\/6782"}],"wp:attachment":[{"href":"https:\/\/www.vmcoaching.be\/index.php\/wp-json\/wp\/v2\/media?parent=6588"}],"curies":[{"name":"wp","href":"https:\/\/api.w.org\/{rel}","templated":true}]}}