{"id":6570,"date":"2025-09-01T13:46:28","date_gmt":"2025-09-01T11:46:28","guid":{"rendered":"http:\/\/www.vmcoaching.be\/?page_id=6570"},"modified":"2025-09-01T13:59:02","modified_gmt":"2025-09-01T11:59:02","slug":"sst-sauvetage-secourisme-du-travail-france","status":"publish","type":"page","link":"https:\/\/www.vmcoaching.be\/index.php\/sst-sauvetage-secourisme-du-travail-france\/","title":{"rendered":"SST - Sauvetage Secourisme du Travail (France)."},"content":{"rendered":"<p style=\"text-align: center;\"><span style=\"text-decoration: underline;\"><strong>SST - Sauvetage Secourisme du Travail (France).<\/strong><\/span><\/p>\n<p>&nbsp;<\/p>\n<p><img loading=\"lazy\" decoding=\"async\" class=\"wp-image-6571 aligncenter\" src=\"http:\/\/www.vmcoaching.be\/wp-content\/uploads\/2025\/09\/logo-sst-806x806-1.png\" alt=\"\" width=\"257\" height=\"257\" srcset=\"https:\/\/www.vmcoaching.be\/wp-content\/uploads\/2025\/09\/logo-sst-806x806-1.png 806w, https:\/\/www.vmcoaching.be\/wp-content\/uploads\/2025\/09\/logo-sst-806x806-1-300x300.png 300w, https:\/\/www.vmcoaching.be\/wp-content\/uploads\/2025\/09\/logo-sst-806x806-1-150x150.png 150w, https:\/\/www.vmcoaching.be\/wp-content\/uploads\/2025\/09\/logo-sst-806x806-1-768x768.png 768w, https:\/\/www.vmcoaching.be\/wp-content\/uploads\/2025\/09\/logo-sst-806x806-1-320x320.png 320w, https:\/\/www.vmcoaching.be\/wp-content\/uploads\/2025\/09\/logo-sst-806x806-1-480x480.png 480w, https:\/\/www.vmcoaching.be\/wp-content\/uploads\/2025\/09\/logo-sst-806x806-1-800x800.png 800w\" sizes=\"(max-width: 257px) 100vw, 257px\" \/><\/p>\n<p style=\"text-align: center;\"><strong>Formation de Secourisme du travail, reconnu par l'\u00e9tat Fran\u00e7ais.<\/strong><\/p>\n<p style=\"text-align: center;\">Formation de 14h, groupe de 4 \u00e0 10 personnes.<\/p>\n<p style=\"text-align: center;\">Prix : Cours 250\u20ac PP (min 4 personnes), Certification 35\u20ac.<\/p>\n<p style=\"text-align: center;\">Refresh tous les 2 ans (7h).<\/p>\n","protected":false},"excerpt":{"rendered":"<p>SST - Sauvetage Secourisme du Travail (France). &nbsp; Formation de Secourisme du travail, reconnu par l'\u00e9tat Fran\u00e7ais. Formation de 14h, groupe de 4 \u00e0 10 personnes. Prix : Cours 250\u20ac<\/p>\n","protected":false},"author":1,"featured_media":0,"parent":0,"menu_order":0,"comment_status":"closed","ping_status":"closed","template":"","meta":{"footnotes":""},"_links":{"self":[{"href":"https:\/\/www.vmcoaching.be\/index.php\/wp-json\/wp\/v2\/pages\/6570"}],"collection":[{"href":"https:\/\/www.vmcoaching.be\/index.php\/wp-json\/wp\/v2\/pages"}],"about":[{"href":"https:\/\/www.vmcoaching.be\/index.php\/wp-json\/wp\/v2\/types\/page"}],"author":[{"embeddable":true,"href":"https:\/\/www.vmcoaching.be\/index.php\/wp-json\/wp\/v2\/users\/1"}],"replies":[{"embeddable":true,"href":"https:\/\/www.vmcoaching.be\/index.php\/wp-json\/wp\/v2\/comments?post=6570"}],"version-history":[{"count":3,"href":"https:\/\/www.vmcoaching.be\/index.php\/wp-json\/wp\/v2\/pages\/6570\/revisions"}],"predecessor-version":[{"id":6578,"href":"https:\/\/www.vmcoaching.be\/index.php\/wp-json\/wp\/v2\/pages\/6570\/revisions\/6578"}],"wp:attachment":[{"href":"https:\/\/www.vmcoaching.be\/index.php\/wp-json\/wp\/v2\/media?parent=6570"}],"curies":[{"name":"wp","href":"https:\/\/api.w.org\/{rel}","templated":true}]}}