{"id":6323,"date":"2024-02-16T13:49:37","date_gmt":"2024-02-16T12:49:37","guid":{"rendered":"http:\/\/www.vmcoaching.be\/?page_id=6323"},"modified":"2025-11-05T22:15:50","modified_gmt":"2025-11-05T21:15:50","slug":"scr-ccr-diver-programs","status":"publish","type":"page","link":"https:\/\/www.vmcoaching.be\/index.php\/scr-ccr-diver-programs\/","title":{"rendered":"SCR \/ CCR Diver Programs"},"content":{"rendered":"<p style=\"text-align: center;\"><span style=\"text-decoration: underline;\"><strong>SCR \/ CCR Diver Programs<\/strong><\/span><\/p>\n<p><img loading=\"lazy\" decoding=\"async\" class=\" wp-image-6346 aligncenter\" src=\"http:\/\/www.vmcoaching.be\/wp-content\/uploads\/2024\/02\/1200x1200-original-1024x683.jpg\" alt=\"\" width=\"374\" height=\"249\" srcset=\"https:\/\/www.vmcoaching.be\/wp-content\/uploads\/2024\/02\/1200x1200-original-1024x683.jpg 1024w, https:\/\/www.vmcoaching.be\/wp-content\/uploads\/2024\/02\/1200x1200-original-300x200.jpg 300w, https:\/\/www.vmcoaching.be\/wp-content\/uploads\/2024\/02\/1200x1200-original-768x512.jpg 768w, https:\/\/www.vmcoaching.be\/wp-content\/uploads\/2024\/02\/1200x1200-original-320x213.jpg 320w, https:\/\/www.vmcoaching.be\/wp-content\/uploads\/2024\/02\/1200x1200-original-480x320.jpg 480w, https:\/\/www.vmcoaching.be\/wp-content\/uploads\/2024\/02\/1200x1200-original-800x533.jpg 800w, https:\/\/www.vmcoaching.be\/wp-content\/uploads\/2024\/02\/1200x1200-original.jpg 1200w\" sizes=\"(max-width: 374px) 100vw, 374px\" \/><\/p>\n<p>&nbsp;<\/p>\n<hr \/>\n<p>&nbsp;<\/p>\n<p class=\"has-text-align-center\" style=\"text-align: center;\"><strong>SCR Diver (Dr\u00e4ger Dolphin\/Ray) (TDI \u2013 CMAS).<\/strong><\/p>\n<p class=\"has-text-align-center\" style=\"text-align: center;\">Cette formation pr\u00e9pare le plongeur nitrox \u00e0 l\u2019utilisation du recycleur semi-ferm\u00e9 Dr\u00e4ger<\/p>\n<p class=\"has-text-align-center\" style=\"text-align: center;\">\u00ab Dolphin ou Ray \u00bb, pour des plong\u00e9es jusque 40 m\u00e8tres et sans d\u00e9compression. Les avantages du recycleur sont tr\u00e8s nombreux : tous les avantages du nitrox, respiration d\u2019un gaz chaud et humide limitant le refroidissement et la d\u00e9shydratation, silence et discr\u00e9tion permettant une approche plus ais\u00e9e de la faune, confort gr\u00e2ce \u00e0 l\u2019absence de bulles qui courent le long du visage, flottabilit\u00e9 constante et autonomie importante (jusqu\u2019\u00e0 120 minutes).<\/p>\n<p class=\"has-text-align-center\" style=\"text-align: center;\">4 days. Diver: 850 euros.<\/p>\n<p>&nbsp;<\/p>\n<hr \/>\n<p>&nbsp;<\/p>\n<p style=\"text-align: center;\"><strong><span style=\"text-decoration: underline;\">CCR:\u00a0<\/span><\/strong><\/p>\n<p style=\"text-align: center;\"><em><strong>CCR course on : Megalodon, Meg 15, Meg Tiburon, Evolution, Inspiration, JJ, X CCR, Flex2, Shark, Liberty BM et SM<\/strong><\/em><\/p>\n<p>&nbsp;<\/p>\n<p style=\"text-align: center;\"><strong>CCR Essentials (IANTD).<\/strong><\/p>\n<p>&nbsp;<\/p>\n<p style=\"text-align: center;\">2 days. 675\u20ac + 85\u20ac + 65\u20ac.<\/p>\n<p>&nbsp;<\/p>\n<p style=\"text-align: center;\"><strong>Air Diluent CCR (TDI - IANTD).<\/strong><\/p>\n<p>&nbsp;<\/p>\n<p style=\"text-align: center;\">Megalodon : 5 days. 1350\u20ac + 85\u20ac + 65\u20ac.<\/p>\n<p style=\"text-align: center;\">CrossOver CCR to CCR Megalodon : 3 days. 800\u20ac + 85\u20ac + 65\u20ac.<\/p>\n<p>&nbsp;<\/p>\n<p style=\"text-align: center;\"><strong>Air Diluent D\u00e9co CCR (TDI).<\/strong><\/p>\n<p>&nbsp;<\/p>\n<p style=\"text-align: center;\"><strong>Mixed Gas CCR (TDI - IANTD).<\/strong><\/p>\n<p>&nbsp;<\/p>\n<p style=\"text-align: center;\">5 days. 1250\u20ac + 85\u20ac + 65\u20ac.<\/p>\n<p>&nbsp;<\/p>\n<p style=\"text-align: center;\"><strong>Advanced Mixed Gas CCR (TDI - IANTD).<\/strong><\/p>\n<p>&nbsp;<\/p>\n<p style=\"text-align: center;\">5 days. 1250\u20ac + 85\u20ac + 65\u20ac.<\/p>\n<p>&nbsp;<\/p>\n<p style=\"text-align: center;\"><strong>CCR Expedition Trimix (IANTD).<\/strong><\/p>\n<p>&nbsp;<\/p>\n<p style=\"text-align: center;\">5 days. 1500\u20ac + 85\u20ac + 65\u20ac.<\/p>\n<p>&nbsp;<\/p>\n<hr \/>\n<p>&nbsp;<\/p>\n<p><img loading=\"lazy\" decoding=\"async\" class=\" wp-image-5241 aligncenter\" src=\"http:\/\/www.vmcoaching.be\/wp-content\/uploads\/2020\/02\/IMG_2380.jpg\" alt=\"\" width=\"247\" height=\"112\" srcset=\"https:\/\/www.vmcoaching.be\/wp-content\/uploads\/2020\/02\/IMG_2380.jpg 480w, https:\/\/www.vmcoaching.be\/wp-content\/uploads\/2020\/02\/IMG_2380-300x136.jpg 300w\" sizes=\"(max-width: 247px) 100vw, 247px\" \/><\/p>\n","protected":false},"excerpt":{"rendered":"<p>SCR \/ CCR Diver Programs &nbsp; &nbsp; SCR Diver (Dr\u00e4ger Dolphin\/Ray) (TDI \u2013 CMAS). Cette formation pr\u00e9pare le plongeur nitrox \u00e0 l\u2019utilisation du recycleur semi-ferm\u00e9 Dr\u00e4ger \u00ab Dolphin ou Ray<\/p>\n","protected":false},"author":1,"featured_media":0,"parent":0,"menu_order":0,"comment_status":"closed","ping_status":"closed","template":"","meta":{"footnotes":""},"_links":{"self":[{"href":"https:\/\/www.vmcoaching.be\/index.php\/wp-json\/wp\/v2\/pages\/6323"}],"collection":[{"href":"https:\/\/www.vmcoaching.be\/index.php\/wp-json\/wp\/v2\/pages"}],"about":[{"href":"https:\/\/www.vmcoaching.be\/index.php\/wp-json\/wp\/v2\/types\/page"}],"author":[{"embeddable":true,"href":"https:\/\/www.vmcoaching.be\/index.php\/wp-json\/wp\/v2\/users\/1"}],"replies":[{"embeddable":true,"href":"https:\/\/www.vmcoaching.be\/index.php\/wp-json\/wp\/v2\/comments?post=6323"}],"version-history":[{"count":7,"href":"https:\/\/www.vmcoaching.be\/index.php\/wp-json\/wp\/v2\/pages\/6323\/revisions"}],"predecessor-version":[{"id":6676,"href":"https:\/\/www.vmcoaching.be\/index.php\/wp-json\/wp\/v2\/pages\/6323\/revisions\/6676"}],"wp:attachment":[{"href":"https:\/\/www.vmcoaching.be\/index.php\/wp-json\/wp\/v2\/media?parent=6323"}],"curies":[{"name":"wp","href":"https:\/\/api.w.org\/{rel}","templated":true}]}}