{"id":6318,"date":"2024-02-16T13:48:42","date_gmt":"2024-02-16T12:48:42","guid":{"rendered":"http:\/\/www.vmcoaching.be\/?page_id=6318"},"modified":"2025-11-08T06:55:48","modified_gmt":"2025-11-08T05:55:48","slug":"cavern-mine-and-cave-diver-programs","status":"publish","type":"page","link":"https:\/\/www.vmcoaching.be\/index.php\/cavern-mine-and-cave-diver-programs\/","title":{"rendered":"Cavern, Mine and Cave Diver Programs"},"content":{"rendered":"<p style=\"text-align: center;\"><span style=\"text-decoration: underline;\"><strong>Cavern, Mine and Cave Diver Programs<\/strong><\/span><\/p>\n<p><img loading=\"lazy\" decoding=\"async\" class=\"wp-image-6347 aligncenter\" src=\"http:\/\/www.vmcoaching.be\/wp-content\/uploads\/2024\/02\/et-mayan-cave-9--1024x700.jpg\" alt=\"\" width=\"406\" height=\"278\" srcset=\"https:\/\/www.vmcoaching.be\/wp-content\/uploads\/2024\/02\/et-mayan-cave-9--1024x700.jpg 1024w, https:\/\/www.vmcoaching.be\/wp-content\/uploads\/2024\/02\/et-mayan-cave-9--300x205.jpg 300w, https:\/\/www.vmcoaching.be\/wp-content\/uploads\/2024\/02\/et-mayan-cave-9--768x525.jpg 768w, https:\/\/www.vmcoaching.be\/wp-content\/uploads\/2024\/02\/et-mayan-cave-9--1536x1051.jpg 1536w, https:\/\/www.vmcoaching.be\/wp-content\/uploads\/2024\/02\/et-mayan-cave-9--2048x1401.jpg 2048w, https:\/\/www.vmcoaching.be\/wp-content\/uploads\/2024\/02\/et-mayan-cave-9--320x219.jpg 320w, https:\/\/www.vmcoaching.be\/wp-content\/uploads\/2024\/02\/et-mayan-cave-9--480x328.jpg 480w, https:\/\/www.vmcoaching.be\/wp-content\/uploads\/2024\/02\/et-mayan-cave-9--800x547.jpg 800w\" sizes=\"(max-width: 406px) 100vw, 406px\" \/><\/p>\n<p>&nbsp;<\/p>\n<hr \/>\n<p>&nbsp;<\/p>\n<p style=\"text-align: center;\"><strong>Cavern Discovery (TDI).<\/strong><\/p>\n<p>&nbsp;<\/p>\n<p class=\"has-text-align-center\" style=\"text-align: center;\"><strong>Cavern Diver (TDI \u2013 CMAS - IANTD).<\/strong><\/p>\n<p class=\"has-text-align-center\" style=\"text-align: center;\">Premi\u00e8re \u00e9tape dans le programme de formation du plongeur sp\u00e9l\u00e9o, ce cours aborde les techniques et les connaissances n\u00e9cessaires pour planifier et r\u00e9aliser des plong\u00e9es en cavernes et sous plafonds s\u00fbres et agr\u00e9ables.<\/p>\n<p class=\"has-text-align-center\" style=\"text-align: center;\">2-3 days. Diver : 725 euros + 85\u20ac + 65\u20ac.<\/p>\n<p>&nbsp;<\/p>\n<p style=\"text-align: center;\"><strong>Intro to Cave (TDI - IANTD).<\/strong><\/p>\n<p>&nbsp;<\/p>\n<p style=\"text-align: center;\">2 days. Diver : 725\u20ac + 85\u20ac + 65\u20ac.<\/p>\n<p>&nbsp;<\/p>\n<p class=\"has-text-align-center\" style=\"text-align: center;\"><strong>Full Cave Diver (TDI - IANTD).<\/strong><\/p>\n<p class=\"has-text-align-center\" style=\"text-align: center;\">Cette formation est une aventure s\u00e9rieuse qui pr\u00e9pare le plongeur pour l\u2019exploration de r\u00e9seaux complexes avec des p\u00e9n\u00e9trations importantes.<\/p>\n<p class=\"has-text-align-center\" style=\"text-align: center;\">4 days. Diver: 1200\u20ac + 85\u20ac + 65\u20ac.<\/p>\n<p>&nbsp;<\/p>\n<p style=\"text-align: center;\"><strong>Technical Cave Diver (IANTD).<\/strong><\/p>\n<p>&nbsp;<\/p>\n<p style=\"text-align: center;\">12 days. 2300\u20ac + 85\u20ac + 65\u20ac.<\/p>\n<p>&nbsp;<\/p>\n<p style=\"text-align: center;\"><strong>Rebreather Cavern (TDI - IANTD).<\/strong><\/p>\n<p>&nbsp;<\/p>\n<p style=\"text-align: center;\"><strong>Rebreather Intro to cave (TDI - IANTD).<\/strong><\/p>\n<p>&nbsp;<\/p>\n<p style=\"text-align: center;\"><strong>Rebreather Full Cave (TDI - IANTD).<\/strong><\/p>\n<p>&nbsp;<\/p>\n<p style=\"text-align: center;\">10 days. 2025\u20ac + 85\u20ac + 65\u20ac.<\/p>\n<p style=\"text-align: center;\">\n<p>&nbsp;<\/p>\n<p style=\"text-align: center;\"><strong>Mine Diver (TDI - IANTD).<\/strong><\/p>\n<p>&nbsp;<\/p>\n<p style=\"text-align: center;\">2 days. 725\u20ac + 85\u20ac + 65\u20ac.<\/p>\n<p>&nbsp;<\/p>\n<p style=\"text-align: center;\"><strong>Cave Survey (TDI - IANTD).\u00a0<\/strong><\/p>\n<p>&nbsp;<\/p>\n<p style=\"text-align: center;\">2 days. 725\u20ac + 85\u20ac + 65\u20ac.<\/p>\n<p>&nbsp;<\/p>\n<p style=\"text-align: center;\"><strong>Stage Cave (TDI - IANTD).<\/strong><\/p>\n<p>&nbsp;<\/p>\n<p style=\"text-align: center;\">2 days. 600\u20ac + 85\u20ac + 65\u20ac.<\/p>\n<p>&nbsp;<\/p>\n<p style=\"text-align: center;\">\n<p>&nbsp;<\/p>\n<hr \/>\n<p><img loading=\"lazy\" decoding=\"async\" class=\" wp-image-5241 aligncenter\" src=\"http:\/\/www.vmcoaching.be\/wp-content\/uploads\/2020\/02\/IMG_2380.jpg\" alt=\"\" width=\"256\" height=\"116\" srcset=\"https:\/\/www.vmcoaching.be\/wp-content\/uploads\/2020\/02\/IMG_2380.jpg 480w, https:\/\/www.vmcoaching.be\/wp-content\/uploads\/2020\/02\/IMG_2380-300x136.jpg 300w\" sizes=\"(max-width: 256px) 100vw, 256px\" \/><\/p>\n","protected":false},"excerpt":{"rendered":"<p>Cavern, Mine and Cave Diver Programs &nbsp; &nbsp; Cavern Discovery (TDI). &nbsp; Cavern Diver (TDI \u2013 CMAS - IANTD). Premi\u00e8re \u00e9tape dans le programme de formation du plongeur sp\u00e9l\u00e9o, ce<\/p>\n","protected":false},"author":1,"featured_media":0,"parent":0,"menu_order":0,"comment_status":"closed","ping_status":"closed","template":"","meta":{"footnotes":""},"_links":{"self":[{"href":"https:\/\/www.vmcoaching.be\/index.php\/wp-json\/wp\/v2\/pages\/6318"}],"collection":[{"href":"https:\/\/www.vmcoaching.be\/index.php\/wp-json\/wp\/v2\/pages"}],"about":[{"href":"https:\/\/www.vmcoaching.be\/index.php\/wp-json\/wp\/v2\/types\/page"}],"author":[{"embeddable":true,"href":"https:\/\/www.vmcoaching.be\/index.php\/wp-json\/wp\/v2\/users\/1"}],"replies":[{"embeddable":true,"href":"https:\/\/www.vmcoaching.be\/index.php\/wp-json\/wp\/v2\/comments?post=6318"}],"version-history":[{"count":9,"href":"https:\/\/www.vmcoaching.be\/index.php\/wp-json\/wp\/v2\/pages\/6318\/revisions"}],"predecessor-version":[{"id":6735,"href":"https:\/\/www.vmcoaching.be\/index.php\/wp-json\/wp\/v2\/pages\/6318\/revisions\/6735"}],"wp:attachment":[{"href":"https:\/\/www.vmcoaching.be\/index.php\/wp-json\/wp\/v2\/media?parent=6318"}],"curies":[{"name":"wp","href":"https:\/\/api.w.org\/{rel}","templated":true}]}}