{"id":6164,"date":"2023-01-24T20:32:32","date_gmt":"2023-01-24T19:32:32","guid":{"rendered":"http:\/\/www.vmcoaching.be\/?page_id=6164"},"modified":"2023-01-24T20:50:16","modified_gmt":"2023-01-24T19:50:16","slug":"brevets-new-archimede","status":"publish","type":"page","link":"https:\/\/www.vmcoaching.be\/index.php\/brevets-new-archimede\/","title":{"rendered":"Brevets New Archim\u00e8de"},"content":{"rendered":"<p style=\"text-align: center;\"><strong>New Archim\u00e8de<\/strong><\/p>\n<p>&nbsp;<\/p>\n<p><img loading=\"lazy\" decoding=\"async\" class=\" wp-image-6096 aligncenter\" src=\"http:\/\/www.vmcoaching.be\/wp-content\/uploads\/2022\/10\/Archi6-1024x768.jpg\" alt=\"\" width=\"481\" height=\"361\" srcset=\"https:\/\/www.vmcoaching.be\/wp-content\/uploads\/2022\/10\/Archi6-1024x768.jpg 1024w, https:\/\/www.vmcoaching.be\/wp-content\/uploads\/2022\/10\/Archi6-300x225.jpg 300w, https:\/\/www.vmcoaching.be\/wp-content\/uploads\/2022\/10\/Archi6-768x576.jpg 768w, https:\/\/www.vmcoaching.be\/wp-content\/uploads\/2022\/10\/Archi6-1536x1152.jpg 1536w, https:\/\/www.vmcoaching.be\/wp-content\/uploads\/2022\/10\/Archi6-320x240.jpg 320w, https:\/\/www.vmcoaching.be\/wp-content\/uploads\/2022\/10\/Archi6-480x360.jpg 480w, https:\/\/www.vmcoaching.be\/wp-content\/uploads\/2022\/10\/Archi6-800x600.jpg 800w, https:\/\/www.vmcoaching.be\/wp-content\/uploads\/2022\/10\/Archi6.jpg 2016w\" sizes=\"(max-width: 481px) 100vw, 481px\" \/><\/p>\n<p>&nbsp;<\/p>\n<p style=\"text-align: center;\"><strong>Brevet des 4 nages<\/strong><\/p>\n<p style=\"text-align: center;\">Lorsque l'\u00e9l\u00e8ve sait effectuer une distance dans une des nages, il peut passer son brevet.<\/p>\n<p style=\"text-align: center;\">Le brevet peut \u00eatre fait en Brasse, en Crawl Dos, en Crawl ventral ou en Papillon-Dauphin.<\/p>\n<p style=\"text-align: center;\">Le brevet sp\u00e9cifie la nage r\u00e9alis\u00e9e ainsi que la distance, il peut donc \u00eatre compl\u00e9t\u00e9 ou am\u00e9lior\u00e9.<\/p>\n<p><img loading=\"lazy\" decoding=\"async\" class=\" wp-image-6173 aligncenter\" src=\"http:\/\/www.vmcoaching.be\/wp-content\/uploads\/2023\/01\/brevet-des-4-nages-707x1024.jpg\" alt=\"\" width=\"292\" height=\"423\" srcset=\"https:\/\/www.vmcoaching.be\/wp-content\/uploads\/2023\/01\/brevet-des-4-nages-707x1024.jpg 707w, https:\/\/www.vmcoaching.be\/wp-content\/uploads\/2023\/01\/brevet-des-4-nages-207x300.jpg 207w, https:\/\/www.vmcoaching.be\/wp-content\/uploads\/2023\/01\/brevet-des-4-nages-768x1113.jpg 768w, https:\/\/www.vmcoaching.be\/wp-content\/uploads\/2023\/01\/brevet-des-4-nages-1060x1536.jpg 1060w, https:\/\/www.vmcoaching.be\/wp-content\/uploads\/2023\/01\/brevet-des-4-nages-320x464.jpg 320w, https:\/\/www.vmcoaching.be\/wp-content\/uploads\/2023\/01\/brevet-des-4-nages-480x696.jpg 480w, https:\/\/www.vmcoaching.be\/wp-content\/uploads\/2023\/01\/brevet-des-4-nages-800x1159.jpg 800w, https:\/\/www.vmcoaching.be\/wp-content\/uploads\/2023\/01\/brevet-des-4-nages.jpg 1260w\" sizes=\"(max-width: 292px) 100vw, 292px\" \/><\/p>\n<p>&nbsp;<\/p>\n<p style=\"text-align: center;\"><strong>Brevet de survie<\/strong><\/p>\n<p style=\"text-align: center;\">Le Brevet de survie peut \u00eatre r\u00e9alis\u00e9 \u00e0 tout moment, le but est de nager habill\u00e9 pendant le temps que l'on peut et la distance que l'on peut.<\/p>\n<p style=\"text-align: center;\">Le brevet sp\u00e9cifie la dur\u00e9e r\u00e9alis\u00e9e et la distance r\u00e9alis\u00e9e, il peut donc \u00eatre am\u00e9lior\u00e9 par la suite.<\/p>\n<p><img loading=\"lazy\" decoding=\"async\" class=\" wp-image-6172 aligncenter\" src=\"http:\/\/www.vmcoaching.be\/wp-content\/uploads\/2023\/01\/brevet-de-survie-1024x734.jpg\" alt=\"\" width=\"402\" height=\"288\" srcset=\"https:\/\/www.vmcoaching.be\/wp-content\/uploads\/2023\/01\/brevet-de-survie-1024x734.jpg 1024w, https:\/\/www.vmcoaching.be\/wp-content\/uploads\/2023\/01\/brevet-de-survie-300x215.jpg 300w, https:\/\/www.vmcoaching.be\/wp-content\/uploads\/2023\/01\/brevet-de-survie-768x551.jpg 768w, https:\/\/www.vmcoaching.be\/wp-content\/uploads\/2023\/01\/brevet-de-survie-1536x1102.jpg 1536w, https:\/\/www.vmcoaching.be\/wp-content\/uploads\/2023\/01\/brevet-de-survie-320x230.jpg 320w, https:\/\/www.vmcoaching.be\/wp-content\/uploads\/2023\/01\/brevet-de-survie-480x344.jpg 480w, https:\/\/www.vmcoaching.be\/wp-content\/uploads\/2023\/01\/brevet-de-survie-800x574.jpg 800w, https:\/\/www.vmcoaching.be\/wp-content\/uploads\/2023\/01\/brevet-de-survie.jpg 1910w\" sizes=\"(max-width: 402px) 100vw, 402px\" \/><\/p>\n<p>&nbsp;<\/p>\n<p><img loading=\"lazy\" decoding=\"async\" class=\" wp-image-5905 aligncenter\" src=\"http:\/\/www.vmcoaching.be\/wp-content\/uploads\/2021\/02\/piscine-1024x768.jpg\" alt=\"\" width=\"480\" height=\"360\" srcset=\"https:\/\/www.vmcoaching.be\/wp-content\/uploads\/2021\/02\/piscine-1024x768.jpg 1024w, https:\/\/www.vmcoaching.be\/wp-content\/uploads\/2021\/02\/piscine-300x225.jpg 300w, https:\/\/www.vmcoaching.be\/wp-content\/uploads\/2021\/02\/piscine-768x576.jpg 768w, https:\/\/www.vmcoaching.be\/wp-content\/uploads\/2021\/02\/piscine.jpg 1280w\" sizes=\"(max-width: 480px) 100vw, 480px\" \/><\/p>\n","protected":false},"excerpt":{"rendered":"<p>New Archim\u00e8de &nbsp; &nbsp; Brevet des 4 nages Lorsque l'\u00e9l\u00e8ve sait effectuer une distance dans une des nages, il peut passer son brevet. Le brevet peut \u00eatre fait en Brasse,<\/p>\n","protected":false},"author":1,"featured_media":0,"parent":0,"menu_order":0,"comment_status":"closed","ping_status":"closed","template":"","meta":{"footnotes":""},"_links":{"self":[{"href":"https:\/\/www.vmcoaching.be\/index.php\/wp-json\/wp\/v2\/pages\/6164"}],"collection":[{"href":"https:\/\/www.vmcoaching.be\/index.php\/wp-json\/wp\/v2\/pages"}],"about":[{"href":"https:\/\/www.vmcoaching.be\/index.php\/wp-json\/wp\/v2\/types\/page"}],"author":[{"embeddable":true,"href":"https:\/\/www.vmcoaching.be\/index.php\/wp-json\/wp\/v2\/users\/1"}],"replies":[{"embeddable":true,"href":"https:\/\/www.vmcoaching.be\/index.php\/wp-json\/wp\/v2\/comments?post=6164"}],"version-history":[{"count":5,"href":"https:\/\/www.vmcoaching.be\/index.php\/wp-json\/wp\/v2\/pages\/6164\/revisions"}],"predecessor-version":[{"id":6174,"href":"https:\/\/www.vmcoaching.be\/index.php\/wp-json\/wp\/v2\/pages\/6164\/revisions\/6174"}],"wp:attachment":[{"href":"https:\/\/www.vmcoaching.be\/index.php\/wp-json\/wp\/v2\/media?parent=6164"}],"curies":[{"name":"wp","href":"https:\/\/api.w.org\/{rel}","templated":true}]}}