{"id":6119,"date":"2022-12-29T08:15:02","date_gmt":"2022-12-29T07:15:02","guid":{"rendered":"http:\/\/www.vmcoaching.be\/?page_id=6119"},"modified":"2023-01-20T14:33:42","modified_gmt":"2023-01-20T13:33:42","slug":"brevets-ecole-de-natation","status":"publish","type":"page","link":"https:\/\/www.vmcoaching.be\/index.php\/brevets-ecole-de-natation\/","title":{"rendered":"Brevets \u00e9cole de natation"},"content":{"rendered":"<p style=\"text-align: center;\"><strong>Mini Bassin du Calypso\u00a0<\/strong><\/p>\n<p>&nbsp;<\/p>\n<p><img loading=\"lazy\" decoding=\"async\" class=\"wp-image-3936 aligncenter\" src=\"http:\/\/www.vmcoaching.be\/wp-content\/uploads\/2020\/01\/1801c891-5bcb-49c7-a51f-9177387a84eb-1-1024x1024.jpg\" alt=\"\" width=\"599\" height=\"599\" srcset=\"https:\/\/www.vmcoaching.be\/wp-content\/uploads\/2020\/01\/1801c891-5bcb-49c7-a51f-9177387a84eb-1-1024x1024.jpg 1024w, https:\/\/www.vmcoaching.be\/wp-content\/uploads\/2020\/01\/1801c891-5bcb-49c7-a51f-9177387a84eb-1-300x300.jpg 300w, https:\/\/www.vmcoaching.be\/wp-content\/uploads\/2020\/01\/1801c891-5bcb-49c7-a51f-9177387a84eb-1-150x150.jpg 150w, https:\/\/www.vmcoaching.be\/wp-content\/uploads\/2020\/01\/1801c891-5bcb-49c7-a51f-9177387a84eb-1-768x768.jpg 768w, https:\/\/www.vmcoaching.be\/wp-content\/uploads\/2020\/01\/1801c891-5bcb-49c7-a51f-9177387a84eb-1-1536x1536.jpg 1536w, https:\/\/www.vmcoaching.be\/wp-content\/uploads\/2020\/01\/1801c891-5bcb-49c7-a51f-9177387a84eb-1-2048x2048.jpg 2048w, https:\/\/www.vmcoaching.be\/wp-content\/uploads\/2020\/01\/1801c891-5bcb-49c7-a51f-9177387a84eb-1-100x100.jpg 100w\" sizes=\"(max-width: 599px) 100vw, 599px\" \/><\/p>\n<p>&nbsp;<\/p>\n<p style=\"text-align: center;\"><strong>PSYCHOMOTRICITE AQUATIQUE<\/strong><\/p>\n<p style=\"text-align: center;\">\ufffd Mini-bassin \u23f1 20 min. \ufffd 2,5 ans-4 ans \ufffd 4 pers. MAX<br \/>\n\ufffd Familiarisation \u00e0 l\u2019\u00e9l\u00e9ment aquatique - apprentissage des d\u00e9placements verticaux<br \/>\npuis horizontaux avec appuis - d\u00e9placements sans appuis (fl\u00e8che ventrale et<br \/>\ndorsale) \u2013 battements.<\/p>\n<p style=\"text-align: center;\"><strong><a href=\"http:\/\/www.vmcoaching.be\/wp-content\/uploads\/2023\/01\/Exercices-types-Psychomotricite-Aquatique.pdf\">Exercices types Psychomotricit\u00e9 Aquatique<\/a><\/strong><\/p>\n<p style=\"text-align: center;\"><strong>Test<\/strong> <strong>:<\/strong> Pas de test, D\u00e9s 4ans -&gt; Tetards.<\/p>\n<p style=\"text-align: center;\"><strong><img loading=\"lazy\" decoding=\"async\" class=\"wp-image-6148 aligncenter\" src=\"http:\/\/www.vmcoaching.be\/wp-content\/uploads\/2023\/01\/nenu-OK-1024x713.jpg\" alt=\"\" width=\"300\" height=\"209\" srcset=\"https:\/\/www.vmcoaching.be\/wp-content\/uploads\/2023\/01\/nenu-OK-1024x713.jpg 1024w, https:\/\/www.vmcoaching.be\/wp-content\/uploads\/2023\/01\/nenu-OK-300x209.jpg 300w, https:\/\/www.vmcoaching.be\/wp-content\/uploads\/2023\/01\/nenu-OK-768x535.jpg 768w, https:\/\/www.vmcoaching.be\/wp-content\/uploads\/2023\/01\/nenu-OK-1536x1070.jpg 1536w, https:\/\/www.vmcoaching.be\/wp-content\/uploads\/2023\/01\/nenu-OK-320x223.jpg 320w, https:\/\/www.vmcoaching.be\/wp-content\/uploads\/2023\/01\/nenu-OK-480x334.jpg 480w, https:\/\/www.vmcoaching.be\/wp-content\/uploads\/2023\/01\/nenu-OK-800x557.jpg 800w, https:\/\/www.vmcoaching.be\/wp-content\/uploads\/2023\/01\/nenu-OK.jpg 1805w\" sizes=\"(max-width: 300px) 100vw, 300px\" \/><\/strong><\/p>\n<p>&nbsp;<\/p>\n<p style=\"text-align: center;\"><strong>T\u00caTARDS<\/strong><\/p>\n<p style=\"text-align: center;\">\ufffd Mini-bassin \u23f1 30 min. \ufffd +4 ans \ufffd 10 pers. MAX<br \/>\n\ufffd Accoutumance \u00e0 l\u2019eau, apprentissage des d\u00e9placements verticaux puis<br \/>\nhorizontaux avec appuis et sans appui. Immersion compl\u00e8te, fl\u00e8che ventrale,<br \/>\ninitiation aux mouvements de jambes en brasse, initiation aux mouvements de bras<br \/>\nen brasse (en marchant), initiation aux battements de jambes.<\/p>\n<p style=\"text-align: center;\"><strong><a href=\"http:\/\/www.vmcoaching.be\/wp-content\/uploads\/2023\/01\/Exercices-types-Tetards.pdf\">Exercices types T\u00eatards<\/a><\/strong><\/p>\n<p style=\"text-align: center;\"><strong>Test :<\/strong> 1) Fleche ventrale sans bouger. 2) Fleche ventrale avec battements de jambes. 3) Prendre un objet au font de l'eau.<\/p>\n<p style=\"text-align: center;\"><strong><a href=\"http:\/\/www.vmcoaching.be\/wp-content\/uploads\/2023\/01\/Tests-Tetards.pdf\">Tests T\u00eatards<\/a><\/strong><\/p>\n<p style=\"text-align: center;\"><strong><img loading=\"lazy\" decoding=\"async\" class=\" wp-image-6150 aligncenter\" src=\"http:\/\/www.vmcoaching.be\/wp-content\/uploads\/2023\/01\/tetard-OK-1024x718.jpg\" alt=\"\" width=\"300\" height=\"210\" srcset=\"https:\/\/www.vmcoaching.be\/wp-content\/uploads\/2023\/01\/tetard-OK-1024x718.jpg 1024w, https:\/\/www.vmcoaching.be\/wp-content\/uploads\/2023\/01\/tetard-OK-300x210.jpg 300w, https:\/\/www.vmcoaching.be\/wp-content\/uploads\/2023\/01\/tetard-OK-768x538.jpg 768w, https:\/\/www.vmcoaching.be\/wp-content\/uploads\/2023\/01\/tetard-OK-1536x1076.jpg 1536w, https:\/\/www.vmcoaching.be\/wp-content\/uploads\/2023\/01\/tetard-OK-320x224.jpg 320w, https:\/\/www.vmcoaching.be\/wp-content\/uploads\/2023\/01\/tetard-OK-480x336.jpg 480w, https:\/\/www.vmcoaching.be\/wp-content\/uploads\/2023\/01\/tetard-OK-800x561.jpg 800w, https:\/\/www.vmcoaching.be\/wp-content\/uploads\/2023\/01\/tetard-OK.jpg 1791w\" sizes=\"(max-width: 300px) 100vw, 300px\" \/><\/strong><\/p>\n<p>&nbsp;<\/p>\n<p style=\"text-align: center;\"><strong>GRENOUILLES<\/strong><\/p>\n<p style=\"text-align: center;\">\ufffd Mini-bassin \u23f1 30 min. \ufffd 10 pers. MAX<br \/>\n\ufffd Apprentissage et correction des mouvements de jambes et de bras en brasse.<br \/>\nBattements de jambes en position ventrale et dorsale.<\/p>\n<p style=\"text-align: center;\"><strong><a href=\"http:\/\/www.vmcoaching.be\/wp-content\/uploads\/2023\/01\/Exercices-types-Grenouilles.pdf\">Exercices types Grenouilles<\/a><\/strong><\/p>\n<p style=\"text-align: center;\"><strong>Test :<\/strong> 1) 3x Bras en Brasse. 2) 3x Jambes en Brasse. 3) Se coucher sur le dos.<\/p>\n<p style=\"text-align: center;\"><strong><a href=\"http:\/\/www.vmcoaching.be\/wp-content\/uploads\/2023\/01\/Tests-Grenouilles.pdf\">Tests Grenouilles<\/a><\/strong><\/p>\n<p style=\"text-align: center;\"><strong><img loading=\"lazy\" decoding=\"async\" class=\" wp-image-6147 aligncenter\" src=\"http:\/\/www.vmcoaching.be\/wp-content\/uploads\/2023\/01\/grenouille-OK-1024x711.jpg\" alt=\"\" width=\"301\" height=\"209\" srcset=\"https:\/\/www.vmcoaching.be\/wp-content\/uploads\/2023\/01\/grenouille-OK-1024x711.jpg 1024w, https:\/\/www.vmcoaching.be\/wp-content\/uploads\/2023\/01\/grenouille-OK-300x208.jpg 300w, https:\/\/www.vmcoaching.be\/wp-content\/uploads\/2023\/01\/grenouille-OK-768x533.jpg 768w, https:\/\/www.vmcoaching.be\/wp-content\/uploads\/2023\/01\/grenouille-OK-1536x1066.jpg 1536w, https:\/\/www.vmcoaching.be\/wp-content\/uploads\/2023\/01\/grenouille-OK-320x222.jpg 320w, https:\/\/www.vmcoaching.be\/wp-content\/uploads\/2023\/01\/grenouille-OK-480x333.jpg 480w, https:\/\/www.vmcoaching.be\/wp-content\/uploads\/2023\/01\/grenouille-OK-800x555.jpg 800w, https:\/\/www.vmcoaching.be\/wp-content\/uploads\/2023\/01\/grenouille-OK.jpg 1917w\" sizes=\"(max-width: 301px) 100vw, 301px\" \/><\/strong><\/p>\n<p>&nbsp;<\/p>\n<p style=\"text-align: center;\"><strong>OTARIES<\/strong><\/p>\n<p style=\"text-align: center;\">\ufffd Mini-bassin \u23f1 30 min. \ufffd 12 pers. MAX<br \/>\n\ufffd Coordination bras et jambes en brasse. Apprentissage du dos crawl\u00e9,<br \/>\nperfectionnement des battements et initiation des mouvements des bras.<br \/>\nApprentissage du plongeon en position assise.<\/p>\n<p style=\"text-align: center;\"><strong><a href=\"http:\/\/www.vmcoaching.be\/wp-content\/uploads\/2023\/01\/Exercices-types-Otaries.pdf\">Exercices types Otaries<\/a><\/strong><\/p>\n<p style=\"text-align: center;\"><strong>Test :<\/strong> 1) 3x Bras et Jambes en Brasse. 2) Largeur du mini bassin en battements de jambes en dos (6m).<\/p>\n<p style=\"text-align: center;\"><strong><a href=\"http:\/\/www.vmcoaching.be\/wp-content\/uploads\/2023\/01\/Tests-Otaries.pdf\">Tests Otaries<\/a><\/strong><\/p>\n<p style=\"text-align: center;\"><strong><img loading=\"lazy\" decoding=\"async\" class=\" wp-image-6149 aligncenter\" src=\"http:\/\/www.vmcoaching.be\/wp-content\/uploads\/2023\/01\/otarie-OK-1024x722.jpg\" alt=\"\" width=\"300\" height=\"212\" srcset=\"https:\/\/www.vmcoaching.be\/wp-content\/uploads\/2023\/01\/otarie-OK-1024x722.jpg 1024w, https:\/\/www.vmcoaching.be\/wp-content\/uploads\/2023\/01\/otarie-OK-300x212.jpg 300w, https:\/\/www.vmcoaching.be\/wp-content\/uploads\/2023\/01\/otarie-OK-768x541.jpg 768w, https:\/\/www.vmcoaching.be\/wp-content\/uploads\/2023\/01\/otarie-OK-1536x1083.jpg 1536w, https:\/\/www.vmcoaching.be\/wp-content\/uploads\/2023\/01\/otarie-OK-320x226.jpg 320w, https:\/\/www.vmcoaching.be\/wp-content\/uploads\/2023\/01\/otarie-OK-480x338.jpg 480w, https:\/\/www.vmcoaching.be\/wp-content\/uploads\/2023\/01\/otarie-OK-800x564.jpg 800w, https:\/\/www.vmcoaching.be\/wp-content\/uploads\/2023\/01\/otarie-OK.jpg 1885w\" sizes=\"(max-width: 300px) 100vw, 300px\" \/><\/strong><\/p>\n<p>&nbsp;<\/p>\n<p style=\"text-align: center;\"><strong>DAUPHINS<\/strong><\/p>\n<p style=\"text-align: center;\">\ufffd Mini-bassin \u23f1 30 min. \ufffd 12 pers. MAX<br \/>\n\ufffd Apprentissage de brasse coul\u00e9e. Coordination en dos crawl\u00e9.<\/p>\n<p style=\"text-align: center;\"><strong><a href=\"http:\/\/www.vmcoaching.be\/wp-content\/uploads\/2023\/01\/Exercices-types-Dauphins.pdf\">Exercices types Dauphins<\/a><\/strong><\/p>\n<p style=\"text-align: center;\"><strong>Test :<\/strong> 1) 1L du mini bassin en dos crawl\u00e9 (15m). 2) 1L du mini bassin en brasse (15m).<\/p>\n<p style=\"text-align: center;\"><strong><a href=\"http:\/\/www.vmcoaching.be\/wp-content\/uploads\/2023\/01\/Tests-Dauphins.pdf\">Tests Dauphins<\/a><\/strong><\/p>\n<p><img loading=\"lazy\" decoding=\"async\" class=\" wp-image-6146 aligncenter\" src=\"http:\/\/www.vmcoaching.be\/wp-content\/uploads\/2023\/01\/dauphin-OK-1024x721.jpg\" alt=\"\" width=\"301\" height=\"212\" srcset=\"https:\/\/www.vmcoaching.be\/wp-content\/uploads\/2023\/01\/dauphin-OK-1024x721.jpg 1024w, https:\/\/www.vmcoaching.be\/wp-content\/uploads\/2023\/01\/dauphin-OK-300x211.jpg 300w, https:\/\/www.vmcoaching.be\/wp-content\/uploads\/2023\/01\/dauphin-OK-768x541.jpg 768w, https:\/\/www.vmcoaching.be\/wp-content\/uploads\/2023\/01\/dauphin-OK-1536x1082.jpg 1536w, https:\/\/www.vmcoaching.be\/wp-content\/uploads\/2023\/01\/dauphin-OK-320x225.jpg 320w, https:\/\/www.vmcoaching.be\/wp-content\/uploads\/2023\/01\/dauphin-OK-480x338.jpg 480w, https:\/\/www.vmcoaching.be\/wp-content\/uploads\/2023\/01\/dauphin-OK-800x564.jpg 800w, https:\/\/www.vmcoaching.be\/wp-content\/uploads\/2023\/01\/dauphin-OK.jpg 1854w\" sizes=\"(max-width: 301px) 100vw, 301px\" \/><\/p>\n<p>&nbsp;<\/p>\n<p><img loading=\"lazy\" decoding=\"async\" class=\"wp-image-6056 aligncenter\" src=\"http:\/\/www.vmcoaching.be\/wp-content\/uploads\/2022\/10\/4.jpg\" alt=\"\" width=\"600\" height=\"450\" srcset=\"https:\/\/www.vmcoaching.be\/wp-content\/uploads\/2022\/10\/4.jpg 640w, https:\/\/www.vmcoaching.be\/wp-content\/uploads\/2022\/10\/4-300x225.jpg 300w, https:\/\/www.vmcoaching.be\/wp-content\/uploads\/2022\/10\/4-320x240.jpg 320w, https:\/\/www.vmcoaching.be\/wp-content\/uploads\/2022\/10\/4-480x360.jpg 480w\" sizes=\"(max-width: 600px) 100vw, 600px\" \/><\/p>\n","protected":false},"excerpt":{"rendered":"<p>Mini Bassin du Calypso\u00a0 &nbsp; &nbsp; PSYCHOMOTRICITE AQUATIQUE \ufffd Mini-bassin \u23f1 20 min. \ufffd 2,5 ans-4 ans \ufffd 4 pers. MAX \ufffd Familiarisation \u00e0 l\u2019\u00e9l\u00e9ment aquatique - apprentissage des d\u00e9placements<\/p>\n","protected":false},"author":1,"featured_media":0,"parent":0,"menu_order":0,"comment_status":"closed","ping_status":"closed","template":"","meta":{"footnotes":""},"_links":{"self":[{"href":"https:\/\/www.vmcoaching.be\/index.php\/wp-json\/wp\/v2\/pages\/6119"}],"collection":[{"href":"https:\/\/www.vmcoaching.be\/index.php\/wp-json\/wp\/v2\/pages"}],"about":[{"href":"https:\/\/www.vmcoaching.be\/index.php\/wp-json\/wp\/v2\/types\/page"}],"author":[{"embeddable":true,"href":"https:\/\/www.vmcoaching.be\/index.php\/wp-json\/wp\/v2\/users\/1"}],"replies":[{"embeddable":true,"href":"https:\/\/www.vmcoaching.be\/index.php\/wp-json\/wp\/v2\/comments?post=6119"}],"version-history":[{"count":18,"href":"https:\/\/www.vmcoaching.be\/index.php\/wp-json\/wp\/v2\/pages\/6119\/revisions"}],"predecessor-version":[{"id":6161,"href":"https:\/\/www.vmcoaching.be\/index.php\/wp-json\/wp\/v2\/pages\/6119\/revisions\/6161"}],"wp:attachment":[{"href":"https:\/\/www.vmcoaching.be\/index.php\/wp-json\/wp\/v2\/media?parent=6119"}],"curies":[{"name":"wp","href":"https:\/\/api.w.org\/{rel}","templated":true}]}}