{"id":5842,"date":"2021-02-08T12:21:42","date_gmt":"2021-02-08T11:21:42","guid":{"rendered":"http:\/\/www.vmcoaching.be\/?page_id=5842"},"modified":"2025-11-08T07:02:40","modified_gmt":"2025-11-08T06:02:40","slug":"technical-diving","status":"publish","type":"page","link":"https:\/\/www.vmcoaching.be\/index.php\/technical-diving\/","title":{"rendered":"Technical Diving"},"content":{"rendered":"<p class=\"has-text-align-center\" style=\"text-align: center;\"><strong>Technical Diving Courses<\/strong><\/p>\r\n<div class=\"wp-block-image\" style=\"text-align: center;\">\r\n<figure class=\"aligncenter size-large is-resized\"><img loading=\"lazy\" decoding=\"async\" class=\"wp-image-2296 aligncenter\" src=\"http:\/\/www.vmcoaching.be\/wp-content\/uploads\/2019\/11\/2012-08-11-04.50.46.jpg\" sizes=\"(max-width: 360px) 100vw, 360px\" srcset=\"http:\/\/www.vmcoaching.be\/wp-content\/uploads\/2019\/11\/2012-08-11-04.50.46.jpg 1000w, http:\/\/www.vmcoaching.be\/wp-content\/uploads\/2019\/11\/2012-08-11-04.50.46-300x225.jpg 300w, http:\/\/www.vmcoaching.be\/wp-content\/uploads\/2019\/11\/2012-08-11-04.50.46-768x576.jpg 768w\" alt=\"\" width=\"360\" height=\"270\" \/><\/figure>\r\n<p>&nbsp;<\/p>\r\n<hr \/><\/div>\r\n<p>&nbsp;<\/p>\r\n<p style=\"text-align: center;\"><strong>The Essentials (IANTD).<\/strong><\/p>\r\n<p style=\"text-align: center;\">Le programme IANTD \u00ab\u00a0The Essentials\u00a0\u00bb est une formation\u00a0particuli\u00e8rement recommand\u00e9e aux plongeurs qui d\u00e9sirent commencer un cours de plong\u00e9e Tek\u00a0<\/p>\r\n<p style=\"text-align: center;\">3 Days, Diver: Kit 50\u20ac + Course 650\u20ac + Certification 65\u20ac.<\/p>\r\n<p>&nbsp;<\/p>\r\n<p class=\"has-text-align-center\" style=\"text-align: center;\"><strong>Nitrox Diver (IANTD \u2013 TDI \u2013 CMAS).<\/strong><\/p>\r\n<p class=\"has-text-align-center\" style=\"text-align: center;\">Apprenez \u00e0 plonger au nitrox \u00e0 des profondeurs allant<\/p>\r\n<p class=\"has-text-align-center\" style=\"text-align: center;\">jusqu\u2019\u00e0 39 m\u00e8tres en toute s\u00e9curit\u00e9. 1 days. Diver:\u00a0 300\u20ac + 130\u20ac + 65\u20ac.<\/p>\r\n<p>&nbsp;<\/p>\r\n<p class=\"has-text-align-center\" style=\"text-align: center;\"><strong>Advanced Nitrox Diver (IANTD \u2013 TDI \u2013 CMAS).<\/strong><\/p>\r\n<p class=\"has-text-align-center\" style=\"text-align: center;\">Compl\u00e8tez vos connaissances du nitrox. D\u00e9veloppez vos<\/p>\r\n<p class=\"has-text-align-center\" style=\"text-align: center;\">comp\u00e9tences en plong\u00e9e et explorez toutes les utilisations du nitrox.<\/p>\r\n<p class=\"has-text-align-center\" style=\"text-align: center;\">2 days. Diver:\u00a0 750\u20ac + 130\u20ac + 65\u20ac.<\/p>\r\n<p style=\"text-align: center;\">\u00a0<\/p>\r\n<p>&nbsp;<\/p>\r\n<p class=\"has-text-align-center\" style=\"text-align: center;\"><strong>Intro To Tech Diver (TDI).<\/strong><\/p>\r\n<p class=\"has-text-align-center\" style=\"text-align: center;\">Ce cours vous introduit a la plong\u00e9e technique. Il vous donne<\/p>\r\n<p class=\"has-text-align-center\" style=\"text-align: center;\">les bases avant le cours adv. Nitrox. Ce cours vous apprend le<\/p>\r\n<p class=\"has-text-align-center\" style=\"text-align: center;\">mat\u00e9riel, les techniques de planification et les gestes utiles en<\/p>\r\n<p class=\"has-text-align-center\" style=\"text-align: center;\">plong\u00e9e technique. 2 days. Diver :\u00a0 675\u20ac +130\u20ac + 65\u20ac.<\/p>\r\n<p>&nbsp;<\/p>\r\n<p class=\"has-text-align-center\" style=\"text-align: center;\"><strong>Advanced Recreational Trimix Diver (IANTD).<\/strong><\/p>\r\n<p class=\"has-text-align-center\" style=\"text-align: center;\">Cours con\u00e7u pour les plongeurs qui souhaitent plonger dans la zone des 50 m\u00e8tres avec un maximum de s\u00e9curit\u00e9 et de rentabilit\u00e9, tout en conservant une configuration l\u00e9g\u00e8re.<\/p>\r\n<p class=\"has-text-align-center\" style=\"text-align: center;\">3 days. Diver:\u00a0 850\u20ac + 130\u20ac + 65\u20ac.<\/p>\r\n<p>&nbsp;<\/p>\r\n<p><img loading=\"lazy\" decoding=\"async\" class=\"wp-image-2297 aligncenter\" style=\"text-align: center;\" src=\"http:\/\/www.vmcoaching.be\/wp-content\/uploads\/2019\/11\/technical-diving-courses-puerto-galera-philippines-tech-asia-24.jpg\" sizes=\"(max-width: 360px) 100vw, 360px\" srcset=\"http:\/\/www.vmcoaching.be\/wp-content\/uploads\/2019\/11\/technical-diving-courses-puerto-galera-philippines-tech-asia-24.jpg 800w, http:\/\/www.vmcoaching.be\/wp-content\/uploads\/2019\/11\/technical-diving-courses-puerto-galera-philippines-tech-asia-24-300x225.jpg 300w, http:\/\/www.vmcoaching.be\/wp-content\/uploads\/2019\/11\/technical-diving-courses-puerto-galera-philippines-tech-asia-24-768x576.jpg 768w\" alt=\"\" width=\"360\" height=\"270\" \/><\/p>\r\n<p>&nbsp;<\/p>\r\n<p class=\"has-text-align-center\" style=\"text-align: center;\"><strong>\u00a0D\u00e9compression Proc\u00e9dures Diver (TDI).<\/strong><\/p>\r\n<p class=\"has-text-align-center\" style=\"text-align: center;\">Ce cours examine la th\u00e9orie, les m\u00e9thodes et les proc\u00e9dures de d\u00e9compression planifi\u00e9e en paliers, jusqu\u2019\u00e0 une profondeur maximum de 45 m, Les configurations d\u2019\u00e9quipement, les techniques et les m\u00e9langes (Nitrox et Oxyg\u00e8ne compris) de d\u00e9compression les plus courants sont pr\u00e9sent\u00e9s. 2 days. Diver :\u00a0 575\u20ac + 130\u20ac + 65\u20ac.<\/p>\r\n<p>&nbsp;<\/p>\r\n<p class=\"has-text-align-center\" style=\"text-align: center;\"><strong>Extended Range Diver (TDI \u2013 CMAS).<\/strong><\/p>\r\n<p class=\"has-text-align-center\" style=\"text-align: center;\">Cette formation approfondie en plong\u00e9e \u201cd\u00e9co\u201d pour des plong\u00e9es utilisant l\u2019air et le nitrox, a un maximum de 55m. comprend l\u2019utilisation de bouteilles et de d\u00e9tendeurs multiples.<\/p>\r\n<p class=\"has-text-align-center\" style=\"text-align: center;\">3 days. Diver:\u00a0 600\u20ac + 130\u20ac + 65\u20ac.<\/p>\r\n<p>&nbsp;<\/p>\r\n<p style=\"text-align: center;\"><strong>Trimix (TDI - CMAS - IANTD).<\/strong><\/p>\r\n<p>&nbsp;<\/p>\r\n<p style=\"text-align: center;\">4 days. 975\u20ac + 85\u20ac + 65\u20ac.<\/p>\r\n<p>&nbsp;<\/p>\r\n<p style=\"text-align: center;\"><strong>Advanced Trimix (TDI - CMAS - IANTD).<\/strong><\/p>\r\n<p>&nbsp;<\/p>\r\n<p style=\"text-align: center;\">5 days. 1175\u20ac + 85\u20ac + 65\u20ac.<\/p>\r\n<p>&nbsp;<\/p>\r\n<p style=\"text-align: center;\"><strong>Nitrox Blender (TDI - CMAS - IANTD).<\/strong><\/p>\r\n<p>&nbsp;<\/p>\r\n<p style=\"text-align: center;\">1 day. 300\u20ac + 85\u20ac + 65\u20ac.<\/p>\r\n<p>&nbsp;<\/p>\r\n<p style=\"text-align: center;\"><strong>Advanced Blender (TDI - CMAS - IANTD).<\/strong><\/p>\r\n<p>&nbsp;<\/p>\r\n<p style=\"text-align: center;\">1 day. 300\u20ac + 85\u20ac + 65\u20ac.<\/p>\r\n<p>&nbsp;<\/p>\r\n<p style=\"text-align: center;\"><strong>O2 Service Technician (TDI).<\/strong><\/p>\r\n<p>&nbsp;<\/p>\r\n<p style=\"text-align: center;\">1 day. 300\u20ac + 85\u20ac + 65\u20ac.<\/p>\r\n<p class=\"has-text-align-center\" style=\"text-align: center;\">\u00a0<\/p>\r\n<hr \/>\r\n<p>&nbsp;<\/p>\r\n\r\n<p>&nbsp;<\/p>\r\n\r\n\r\n\r\n<div id=\"block-148b4199-9aec-42c8-acd3-0cfbea4276fd\" class=\"wp-block-image is-style-default\" style=\"text-align: center;\">\r\n<figure class=\"aligncenter is-resized\"><a href=\"http:\/\/www.vmcoaching.be\/index.php\/valerian-mathonet\/\"><img decoding=\"async\" src=\"http:\/\/www.vmcoaching.be\/wp-content\/uploads\/2019\/11\/plong%C3%A9e-1.jpg\" alt=\"This image has an empty alt attribute; its file name is plong%C3%A9e-1.jpg\" width=\"222\" \/><\/a>\r\n<figcaption>Mathonet Val\u00e9rian<\/figcaption>\r\n<\/figure>\r\n<\/div>\r\n\r\n\r\n\r\n<div id=\"block-5edc954f-4a3e-4f3f-88b9-72086c1771d7\" class=\"wp-block-image is-style-default\">\r\n<figure class=\"aligncenter is-resized\"><img loading=\"lazy\" decoding=\"async\" class=\"aligncenter\" src=\"http:\/\/www.vmcoaching.be\/wp-content\/uploads\/2020\/12\/imm3-1024x768.jpg\" alt=\"This image has an empty alt attribute; its file name is imm3-1024x768.jpg\" width=\"343\" height=\"192\" \/><\/figure>\r\n<\/div>\r\n\r\n\r\n\r\n<div id=\"block-fdd2fd7b-8d4f-450b-bea2-51e7f0a3ceb3\" class=\"wp-block-image is-style-default\">\r\n<figure class=\"aligncenter is-resized\"><a href=\"mailto:immersiondiving@gmail.Com\"><img loading=\"lazy\" decoding=\"async\" class=\"aligncenter\" src=\"http:\/\/www.vmcoaching.be\/wp-content\/uploads\/2021\/02\/depositphotos_72112129-stock-photo-email-address-icon-glossy-blue.jpg\" alt=\"This image has an empty alt attribute; its file name is depositphotos_72112129-stock-photo-email-address-icon-glossy-blue.jpg\" width=\"82\" height=\"106\" \/><\/a><\/figure>\r\n<\/div>\r\n","protected":false},"excerpt":{"rendered":"<p>Technical Diving Courses &nbsp; &nbsp; The Essentials (IANTD). Le programme IANTD \u00ab\u00a0The Essentials\u00a0\u00bb est une formation\u00a0particuli\u00e8rement recommand\u00e9e aux plongeurs qui d\u00e9sirent commencer un cours de plong\u00e9e Tek\u00a0 3 Days, Diver:<\/p>\n","protected":false},"author":1,"featured_media":0,"parent":0,"menu_order":0,"comment_status":"closed","ping_status":"closed","template":"","meta":{"footnotes":""},"_links":{"self":[{"href":"https:\/\/www.vmcoaching.be\/index.php\/wp-json\/wp\/v2\/pages\/5842"}],"collection":[{"href":"https:\/\/www.vmcoaching.be\/index.php\/wp-json\/wp\/v2\/pages"}],"about":[{"href":"https:\/\/www.vmcoaching.be\/index.php\/wp-json\/wp\/v2\/types\/page"}],"author":[{"embeddable":true,"href":"https:\/\/www.vmcoaching.be\/index.php\/wp-json\/wp\/v2\/users\/1"}],"replies":[{"embeddable":true,"href":"https:\/\/www.vmcoaching.be\/index.php\/wp-json\/wp\/v2\/comments?post=5842"}],"version-history":[{"count":18,"href":"https:\/\/www.vmcoaching.be\/index.php\/wp-json\/wp\/v2\/pages\/5842\/revisions"}],"predecessor-version":[{"id":6737,"href":"https:\/\/www.vmcoaching.be\/index.php\/wp-json\/wp\/v2\/pages\/5842\/revisions\/6737"}],"wp:attachment":[{"href":"https:\/\/www.vmcoaching.be\/index.php\/wp-json\/wp\/v2\/media?parent=5842"}],"curies":[{"name":"wp","href":"https:\/\/api.w.org\/{rel}","templated":true}]}}