{"id":266,"date":"2019-08-11T20:59:03","date_gmt":"2019-08-11T18:59:03","guid":{"rendered":"http:\/\/www.vmcoaching.be\/?page_id=266"},"modified":"2021-02-14T13:02:04","modified_gmt":"2021-02-14T12:02:04","slug":"valerian-mathonet","status":"publish","type":"page","link":"https:\/\/www.vmcoaching.be\/index.php\/valerian-mathonet\/","title":{"rendered":"Val\u00e9rian Mathonet"},"content":{"rendered":"<figure class=\"wp-block-image size-large\"><img loading=\"lazy\" decoding=\"async\" class=\"wp-image-3679 aligncenter\" src=\"http:\/\/www.vmcoaching.be\/wp-content\/uploads\/2020\/01\/val-2-2.jpg\" alt=\"\" width=\"601\" height=\"451\" srcset=\"https:\/\/www.vmcoaching.be\/wp-content\/uploads\/2020\/01\/val-2-2.jpg 1024w, https:\/\/www.vmcoaching.be\/wp-content\/uploads\/2020\/01\/val-2-2-300x225.jpg 300w, https:\/\/www.vmcoaching.be\/wp-content\/uploads\/2020\/01\/val-2-2-768x576.jpg 768w\" sizes=\"(max-width: 601px) 100vw, 601px\" \/><figcaption><\/figcaption><\/figure>\n\n\n<p>&nbsp;<\/p>\n\n\n\n<p class=\"has-text-align-center\"><strong>VM Coaching<\/strong> was born out of the desire to bring out the true potential of clients interested in water-sports, and in the last 5 years has been offering a range of aquatic activities for all ages; from introductory courses for little ones, through to personal development and physical advancement for teens and adults.<\/p>\n\n\n\n<p class=\"has-text-align-center\">A passion for diving is at the very heart of the activities on offer, as well as discovery and progression into the world of Stand-up Paddle, up to competition level, via one of <strong>VM Coaching<\/strong>\u2019s satellite branches - <strong>Belgium Paddle.<\/strong><\/p>\n\n\n\n<p class=\"has-text-align-center\"><strong><span style=\"text-decoration: underline;\">Why choose VM Coaching ? <\/span><\/strong><\/p>\n\n\n\n<p class=\"has-text-align-center\"><strong>VM Coaching<\/strong> is all about providing bespoke solutions for all its clients, whether it be for an entrance test for amateurs, or competition level preparation for professionals, or for those who are simply in search of overall wellbeing - our service adapts to your needs.<\/p>\n\n\n\n<p class=\"has-text-align-center\">In order to give its clients the best tools for achieving their goals, <strong>VM Coaching<\/strong> combines a mental support program to accompany the physical approach, giving the ideal foundation for success.<\/p>\n\n\n\n<p class=\"has-text-align-center\">&nbsp;<\/p>\n\n\n\n<p class=\"has-text-align-center\">At a fundamental level, by listening to your needs and identifying your objectives, we provide the appropriate support ideally suited to you. This is more than a simple training program, we follow up on any concerns or doubts, we go above and beyond to keep you motivated, so that you will reach your goal.<\/p>\n\n\n\n<p class=\"has-text-align-center\">Over the years, <strong>VM Coaching<\/strong> has continued to surround itself with qualified individuals to expand its team.<br><br><strong><span style=\"text-decoration: underline;\">Who is VM Coaching?<\/span><\/strong><\/p>\n\n\n\n<p class=\"has-text-align-center\">Val\u00e9rian Mathonet (VM) is a qualified coach and has been passionate about<br>water-sports since adolescence. He has worked tirelessly to perfect and refine his techniques, equipping himself with the best possible tools and discovering all the activities connected to his passion. After 17 years of supervision, indoor group lessons, and private coaching support, he has the knowledge and experience to meet the needs of clientele of all ages and from all walks of life.<\/p>\n\n\n\n<p class=\"has-text-align-center\">His drive and motivation is everything to do with the sea. When small, he was afraid of the water and yet it called to him\u2026 yes, you read that right!\u2026 then something clicked which changed everything! This in turn lead him to offer lessons to little ones, so that they too could experience a stress free aquatic environment.<\/p>\n\n\n\n<p class=\"has-text-align-center\">His strong family values enable him to keep his inner strength, to overcome<br>obstacles, developing a constant curiosity and desire to succeed. All the while evolving conscious listening , intelligence, compassion, and the inner knowing that comes from overcoming Self, the realisation of one\u2019s own abilities and skills; which is akin to looking at a piece of art that evokes an undeniable emotion.<\/p>\n\n\n\n<p class=\"has-text-align-center\">A veteran of 15 years in international underwater hockey, he has the soul of a competitor. Through personal experience he understands the uncertainties and doubts that high level competition athletes can feel. This is why he enables each individual to find the right environment and their own space through personal and mental development.<\/p>\n\n\n\n<p class=\"has-text-align-center\">His dream is for everyone to be at ease in the water. Regaining self confidence, moving forward independently, gaining to new tools at each stage so as not to rest only with what has been learned, in order to continually progress. Val\u00e9rian knows that though the world may sometimes be difficult to understand and often a source of problems, it is also a world to be discovered.<\/p>\n\n\n\n<p class=\"has-text-align-center\">Val\u00e9rian invites you to dare to become the best version of yourself! With <strong>VM Coaching<\/strong>, it is <strong>PASSION DISCOVERY COMPASSION EMPATHY.<\/strong><\/p>\n\n\n\n<p><\/p>\n\n\n\n<p class=\"has-text-align-center\"><a href=\"https:\/\/www.linkedin.com\/in\/val\u00e9rian-mathonet-850926107\"><img loading=\"lazy\" decoding=\"async\" width=\"72\" height=\"72\" class=\" wp-image-5917 aligncenter\" src=\"http:\/\/www.vmcoaching.be\/wp-content\/uploads\/2021\/02\/linkedin.png\" alt=\"\" srcset=\"https:\/\/www.vmcoaching.be\/wp-content\/uploads\/2021\/02\/linkedin.png 200w, https:\/\/www.vmcoaching.be\/wp-content\/uploads\/2021\/02\/linkedin-150x150.png 150w, https:\/\/www.vmcoaching.be\/wp-content\/uploads\/2021\/02\/linkedin-100x100.png 100w\" sizes=\"(max-width: 72px) 100vw, 72px\" \/><\/a><\/p>\n\n\n\n<div class=\"wp-block-image is-style-default\"><figure class=\"aligncenter size-large is-resized\"><a href=\"https:\/\/www.instagram.com\/valerianmathonet\/\"><img loading=\"lazy\" decoding=\"async\" src=\"http:\/\/www.vmcoaching.be\/wp-content\/uploads\/2021\/02\/th-1-1.jpg\" alt=\"\" class=\"wp-image-5921\" width=\"71\" height=\"71\" srcset=\"https:\/\/www.vmcoaching.be\/wp-content\/uploads\/2021\/02\/th-1-1.jpg 165w, https:\/\/www.vmcoaching.be\/wp-content\/uploads\/2021\/02\/th-1-1-150x150.jpg 150w, https:\/\/www.vmcoaching.be\/wp-content\/uploads\/2021\/02\/th-1-1-100x100.jpg 100w\" sizes=\"(max-width: 71px) 100vw, 71px\" \/><\/a><\/figure><\/div>\n\n\n\n<div class=\"wp-block-group\"><div class=\"wp-block-group__inner-container is-layout-flow wp-block-group-is-layout-flow\">\n<figure class=\"wp-block-table is-style-stripes\"><table><tbody><tr><td>CV:&nbsp; <br><br>Dipl\u00f4me Crossfit Scaling course.<br><br>Participation in many differents Webinars about paddle technique (C\u00e9line Guesdon, Connor Baxter, Fiona Wylde, Sonni H\u00f6nscheid, Michael Booth, Larry Cain).<br><br>Diplome Fresh air educators - Paddle sport safety course - stand up paddle safety (Nsw government - Australia)<br><br>Dipl\u00f4me IOSup coaching level 1 (international organization stand up paddle - Spain)<br><br>Dipl\u00f4me ACA Paddlesports Course ( American Canoe Association)<br>\n<p>Dipl\u00f4me CrossFit Running (Specialized in Pose m\u00e9thod)<br><br>Dipl\u00f4me CrossFit Judge certificate<br><br>Dipl\u00f4me Niveau 1 ASCA (Ameican swimming coaches association)<br><br>Dipl\u00f4me d 'animateur en Squash (LFS - Adeps)<\/p>\n<\/td><\/tr><tr><td>Dipl\u00f4me de Personal Trainer du CFD Bruxelles <br><br>Dipl\u00f4me Cours g\u00e9n\u00e9raux Moniteur Sportif Educateur ADEPS (Louvain-la-Neuve) <br><br>Formation b\u00e9b\u00e9 nageurs par Denis Dumonceau \u2013 New Archimede (Bruxelles) <br><br>Dipl\u00f4me Cours g\u00e9n\u00e9raux Moniteur Sportif Initiateur ADEPS (Louvain-la-Neuve) <br><br>Dipl\u00f4me de Mental Coaching par MentalyFit MCS (Alain Goudsmet) (Bruxelles) <br><br>Formation Sales Through Service (customer service) (Bruxelles) <br><br>Formation Be More (customer service) (Bruxelles) <br><br>Dipl\u00f4me de dirigeant de clubs sportif ADEPS niveau 1 (Rixensart) <br><br>Dipl\u00f4me de dirigeant de clubs sportif B\u00e9n\u00e9vole AISF (Rixensart)<\/td><\/tr><tr><td>Dipl\u00f4me de Connaissance Gestion de Base \u00e0 l\u2019EPFC (Bruxelles)<\/td><\/tr><tr><td>Certificat d\u2019aptitude de responsable de l\u2019accueil dans un centre de bronzage (Li\u00e8ge)<\/td><\/tr><tr><td>Formation en anglais par CLL (Bruxelles)<\/td><\/tr><tr><td>Formation 4U (formation en communication et gestion des conflits) (Bruxelles)<\/td><\/tr><tr><td>Formation d\u2019initiateur natation et activit\u00e9s aquatiques \u00e0 la F\u00e9d\u00e9ration Francophone belge de natation (formation reconnue par l\u2019Adeps) (LLN)<\/td><\/tr><tr><td>Dipl\u00f4me BSSA \u00e0 la Ligue Francophone Belge de Sauvetage (LLN)<\/td><\/tr><tr><td>Etudes de comptabilit\u00e9 \u00e0 l\u2019EPFC (Bruxelles)<\/td><\/tr><tr><td>Etudes de Technicien en comptabilit\u00e9 \u00e0 l\u2019EPFC (Bruxelles)<\/td><\/tr><tr><td>Certificat de la meilleure pr\u00e9sentation au concours de \u00ab&nbsp;la&nbsp;\u00bb Mini-entreprise, participation avec CHUT, Cherry Hot United Textiles du coll\u00e8ge St-Hubert (M3439)<\/td><\/tr><tr><td>Humanit\u00e9s \u00e0 l\u2019Ath\u00e9n\u00e9e Royale de Watermael-Boitsfort, Math\u00e9matiques\/Espagnol<\/td><\/tr><\/tbody><\/table><\/figure>\n<\/div><\/div>\n\n\n\n<p>&nbsp;<\/p>\n\n\n\n<p>&nbsp;<\/p>\n\n\n\n<p>&nbsp;<\/p>\n\n\n\n<p>Plong\u00e9e et Secourisme :<\/p>\n\n\n\n<figure class=\"wp-block-table aligncenter is-style-stripes\"><table><tbody><tr><td>PADI<\/td><td>Assistant Instructor <br>Emergency First Response Instructor <br>Speciality Instructor&nbsp;: PPB, Aware Specialty, Aware coral reef, EFR Care For Children, Digital Underwater Photography, Emergency Oxygen Provider<\/td><\/tr><tr><td>DAN<\/td><td>Basic Life Support Instructor First Aid instructor Oxygen First Aid For Scubba Diving Injuries Instructor Advanced Oxygen First Aid For Scuba Diving Injuries Instructor M\u00e9dical Oxygen Rebreather Instructor First Aid For Hazardous Marine Life Instructor (AED) Automated External D\u00e9fibrillator For Scuba Diving Instructor DES Diving Emergency Sp\u00e9cialist F.O.P.- test \/ recherche, Research Diver<\/td><\/tr><tr><td>ADIP\/CEDIP<\/td><td>Instructor 2* Extended Range Instructor Instructeur Plong\u00e9e Enfant Cave Instructor<\/td><\/tr><tr><td>CMAS<\/td><td>CMAS\/LIFRAS Plongeur 2* CMAS\/LIFRAS C.F.P.S. (<em>certificat f\u00e9d\u00e9ral de premiers secours<\/em>) CMAS\/LIFRAS Certificat de plongeur Souterrain CMAS\/LIFRAS qualification v\u00eatement \u00e9tanche CMAS Adv Nitrox Instructor CMAS Extanded range Instructor CMAS Cavern Instructor CMAS SCR Dr\u00e4ger Dolphin Rebreather Instructor CMAS SCR Dr\u00e4ger Ray Rebreather Instructor<\/td><\/tr><tr><td>IANTD<\/td><td>Open Water Scuba Instructor EANx &amp; Advanced EANx Instructor Open-Water Side-mount Instructor<\/td><\/tr><tr><td>&nbsp; &nbsp; &nbsp; SDI<\/td><td>DPV Instructor Self-Sufficient Instructor SCR Dr\u00e4ger Dolphin Rebreather Diver Open Water Scuba Instructor Solo Diving Instructor Speciality Instructor: Buoyancy, Marine Ecosystems Awareness, Night-Limited Visibility, Underwater navigation, Boat, Deep, Underwater Photography, Dry Suit, CPR1st, CPROX, CPROX1st AED, Wreck, Wreck Limited Penetration, Search and Recovery Diving, Full Face Mask, Diver Propulsion Vehicle, Drift Diving, Visual inspection Procedures, Equipment Specialist, Sidemount, Computer Nitrox,<\/td><\/tr><tr><td>TDI<\/td><td>Nitrox &amp; Adv Nitrox Instructor Intro To Tech Instructor D\u00e9compression Proc\u00e9dures Instructor Extanded Range Instructor Cavern Instructor DPV Cave Instructor Sidemount Instructor SCR Dr\u00e4ger Dolphin Rebreather Instructor SCR Dr\u00e4ger Ray Rebreather Instructor<\/td><\/tr><tr><td>EUF<\/td><td>EUF Instructor Level 2. (<em>European Underwater Federation<\/em>)<\/td><\/tr><tr><td>Autres&nbsp;:<\/td><td>ETDA\/CEDIP plongeur 4* CROIX-ROUGE B.E.P.S. (<em>brevet europ\u00e9en de premiers secours<\/em>) BSSA Brevet Sup\u00e9rieur de Sauvetage Aquatique ILS International Lifesaver ADEPS Brevet d\u2019Initiateur Natation et Disciplines Associ\u00e9es (ENP)<\/td><\/tr><tr><td>&nbsp;<\/td><td>- Plus de 400 plong\u00e9es, plus de 550 \u00e9l\u00e8ves certifi\u00e9s.<\/td><\/tr><\/tbody><\/table><\/figure>\n\n\n\n<p>&nbsp;<\/p>\n\n\n\n<p class=\"has-text-align-center\">Sports Event, Val\u00e9rian did : Titan Swim 2018, Reebok CrossFit Open 2016, 2017 and 2020, Nautic Paddle Paris 2019.<\/p>\n\n\n\n<p class=\"has-text-align-center\">In his sport (underwater hockey), Val\u00e9rian Win 9 times the Belgium championship, 5 times the Belgian cup (on 6 events), he play 10 international championships with belgium team (european and world championship) and play 100 games for his country.<\/p>\n\n\n\n<p>&nbsp;<\/p>\n\n\n\n<p>&nbsp;<\/p>\n","protected":false},"excerpt":{"rendered":"<p>&nbsp; VM Coaching was born out of the desire to bring out the true potential of clients interested in water-sports, and in the last 5 years has been offering a<\/p>\n","protected":false},"author":1,"featured_media":3676,"parent":0,"menu_order":0,"comment_status":"closed","ping_status":"closed","template":"","meta":{"footnotes":""},"_links":{"self":[{"href":"https:\/\/www.vmcoaching.be\/index.php\/wp-json\/wp\/v2\/pages\/266"}],"collection":[{"href":"https:\/\/www.vmcoaching.be\/index.php\/wp-json\/wp\/v2\/pages"}],"about":[{"href":"https:\/\/www.vmcoaching.be\/index.php\/wp-json\/wp\/v2\/types\/page"}],"author":[{"embeddable":true,"href":"https:\/\/www.vmcoaching.be\/index.php\/wp-json\/wp\/v2\/users\/1"}],"replies":[{"embeddable":true,"href":"https:\/\/www.vmcoaching.be\/index.php\/wp-json\/wp\/v2\/comments?post=266"}],"version-history":[{"count":37,"href":"https:\/\/www.vmcoaching.be\/index.php\/wp-json\/wp\/v2\/pages\/266\/revisions"}],"predecessor-version":[{"id":5923,"href":"https:\/\/www.vmcoaching.be\/index.php\/wp-json\/wp\/v2\/pages\/266\/revisions\/5923"}],"wp:featuredmedia":[{"embeddable":true,"href":"https:\/\/www.vmcoaching.be\/index.php\/wp-json\/wp\/v2\/media\/3676"}],"wp:attachment":[{"href":"https:\/\/www.vmcoaching.be\/index.php\/wp-json\/wp\/v2\/media?parent=266"}],"curies":[{"name":"wp","href":"https:\/\/api.w.org\/{rel}","templated":true}]}}